{"id":476,"date":"2021-10-07T16:21:39","date_gmt":"2021-10-07T13:21:39","guid":{"rendered":"https:\/\/www.alliancefrbursa.org\/hakkimizda\/"},"modified":"2026-01-14T12:20:52","modified_gmt":"2026-01-14T09:20:52","slug":"notre-association","status":"publish","type":"page","link":"https:\/\/www.alliancefrbursa.org\/fr\/notre-association\/","title":{"rendered":"NOTRE ASSOCIATION"},"content":{"rendered":"<p>[vc_section][vc_row el_class=\u00a0\u00bbcontainer_1200&Prime;][vc_column css=\u00a0\u00bb.vc_custom_1641730837794{margin: 0px !important;padding: 0px !important;}\u00a0\u00bb][vc_text_separator title=\u00a0\u00bb\u00c0 PROPOS DE NOUS\u00a0\u00bb color=\u00a0\u00bbcustom\u00a0\u00bb accent_color=\u00a0\u00bb#dd083a\u00a0\u00bb][\/vc_column][\/vc_row][vc_row el_class=\u00a0\u00bbcontainer_1200&Prime;][vc_column width=\u00a0\u00bb1\/3&Prime;][vc_row_inner css=\u00a0\u00bb.vc_custom_1633629742485{margin-top: 100px !important;}\u00a0\u00bb][vc_column_inner width=\u00a0\u00bb1\/2&Prime;][vc_single_image image=\u00a0\u00bb51&Prime; img_size=\u00a0\u00bb200&#215;185&Prime;][\/vc_column_inner][vc_column_inner width=\u00a0\u00bb1\/2&Prime;][vc_single_image image=\u00a0\u00bb50&Prime; img_size=\u00a0\u00bb200&#215;185&Prime;][\/vc_column_inner][\/vc_row_inner][\/vc_column][vc_column width=\u00a0\u00bb2\/3&Prime;][vc_column_text]L&rsquo;Association Culturelle Turquie-France de Bursa a \u00e9t\u00e9 cr\u00e9\u00e9e en 1976 pour maintenir les relations d&rsquo;amiti\u00e9 traditionnelles entre la Turquie et la France, promouvoir mutuellement la langue et les valeurs culturelles des deux pays, organiser des cours de langue pour ceux qui veulent apprendre et am\u00e9liorer le fran\u00e7ais, enseigner la langue turque, la culture et les valeurs turques aux familles fran\u00e7aises vivant \u00e0 Bursa.[\/vc_column_text][vc_column_text]Depuis avril 2014, elle fait partie du r\u00e9seau Alliance Fran\u00e7aise, qui a \u00e9t\u00e9 cr\u00e9\u00e9 \u00e0 Paris en 1883 et compte aujourd&rsquo;hui plus de 1000 antennes dans 136 pays sur les 5 continents, prenant le nom d\u2019Association Culturelle Turquie-France Alliance Fran\u00e7aise de Bursa.[\/vc_column_text][\/vc_column][\/vc_row][vc_row el_class=\u00a0\u00bbcontainer_1200&Prime;][vc_column][vc_text_separator title=\u00a0\u00bbLE CONSEIL D\u2019ADMINISTRATION\u00a0\u00bb color=\u00a0\u00bbcustom\u00a0\u00bb accent_color=\u00a0\u00bb#dd083a\u00a0\u00bb][vc_column_text]<\/p>\n<p style=\"margin: 0 auto; display: block; border: 1px solid #DD083A; width: 100%; max-width: 430px; padding: 10px;\"><strong>Nom, Pr\u00e9nom :<\/strong> Halil AKG\u00dcL<br \/>\n<strong>Mission :<\/strong> Le Pr\u00e9sident du Conseil<\/p>\n<p>[\/vc_column_text][vc_row_inner][vc_column_inner width=\u00a0\u00bb1\/3&Prime;][vc_column_text]<\/p>\n<p style=\"margin: 0 auto; display: block; border: 1px solid #DD083A; width: 100%; max-width: 430px; padding: 10px;\"><strong>Nom, Pr\u00e9nom :<\/strong> Prof. Dr. \u0130brahim HIZALAN<br \/>\n<strong>Mission :<\/strong> Le Vice-pr\u00e9sident<\/p>\n<p>[\/vc_column_text][vc_column_text]<\/p>\n<p style=\"margin: 0 auto; display: block; border: 1px solid #DD083A; width: 100%; max-width: 430px; padding: 10px;\"><strong>Nom, Pr\u00e9nom :<\/strong> Prof. Dr. \u0130brahim HIZALAN<br \/>\n<strong>Mission :<\/strong> Le Vice-pr\u00e9sident<\/p>\n<p>[\/vc_column_text][\/vc_column_inner][vc_column_inner width=\u00a0\u00bb1\/3&Prime;][vc_column_text]<\/p>\n<p style=\"margin: 0 auto; display: block; border: 1px solid #DD083A; width: 100%; max-width: 430px; padding: 10px;\"><strong>Nom, Pr\u00e9nom :<\/strong> OYAK-RENAULT A.\u015e. (Neslihan \u00d6zer)<br \/>\n<strong>Mission:<\/strong> Le Vice-pr\u00e9sident<\/p>\n<p>[\/vc_column_text][vc_column_text]<\/p>\n<p style=\"margin: 0 auto; display: block; border: 1px solid #DD083A; width: 100%; max-width: 430px; padding: 10px;\"><strong>Nom, Pr\u00e9nom :<\/strong> OYAK-RENAULT A.\u015e. (Neslihan \u00d6zer)<br \/>\n<strong>Mission:<\/strong> Le Vice-pr\u00e9sident<\/p>\n<p>[\/vc_column_text][\/vc_column_inner][vc_column_inner width=\u00a0\u00bb1\/3&Prime;][vc_column_text]<\/p>\n<p style=\"margin: 0 auto; display: block; border: 1px solid #DD083A; width: 100%; max-width: 430px; padding: 10px;\"><strong>Nom, Pr\u00e9nom :<\/strong> Nuri Cem ERBAK<br \/>\n<strong>Mission :<\/strong> Le Vice-pr\u00e9sident<\/p>\n<p>[\/vc_column_text][\/vc_column_inner][\/vc_row_inner][vc_row_inner][vc_column_inner][vc_column_text]<\/p>\n<p style=\"margin: 0 auto; display: block; border: 1px solid #DD083A; width: 100%; max-width: 430px; padding: 10px;\"><strong>Nom, Pr\u00e9nom :<\/strong> Gyulyay Myumyunova<br \/>\n<strong>Mission:<\/strong> La Secr\u00e9taire<\/p>\n<p>[\/vc_column_text][vc_column_text]<\/p>\n<p style=\"margin: 0 auto; display: block; border: 1px solid #DD083A; width: 100%; max-width: 430px; padding: 10px;\"><strong>Nom, Pr\u00e9nom :<\/strong> KARSAN A.\u015e. (Kenan Kaya)<br \/>\n<strong>Mission:<\/strong> Le Tr\u00e9sorier<\/p>\n<p>[\/vc_column_text][\/vc_column_inner][\/vc_row_inner][vc_row_inner][vc_column_inner width=\u00a0\u00bb1\/3&Prime;][vc_column_text]<\/p>\n<p style=\"margin: 0 auto; display: block; border: 1px solid #DD083A; width: 100%; max-width: 430px; padding: 10px;\"><strong>Nom, Pr\u00e9nom :<\/strong> VALEO A\u015e (Tuna ARINCI)<br \/>\n<strong>Mission:<\/strong> Un Membre<\/p>\n<p>[\/vc_column_text][vc_column_text]<\/p>\n<p style=\"margin: 0 auto; display: block; border: 1px solid #DD083A; width: 100%; max-width: 430px; padding: 10px;\"><strong>Nom, Pr\u00e9nom :<\/strong> Prof.Dr. Erdo\u011fan KARTAL<br \/>\n<strong>Mission:<\/strong> Un Membre<\/p>\n<p>[\/vc_column_text][\/vc_column_inner][vc_column_inner width=\u00a0\u00bb1\/3&Prime;][vc_column_text]<\/p>\n<p style=\"margin: 0 auto; display: block; border: 1px solid #DD083A; width: 100%; max-width: 430px; padding: 10px;\"><strong>Nom, Pr\u00e9nom :<\/strong> AKWELL A\u015e (Mehmet SELAM)<br \/>\n<strong>Mission:<\/strong> Un Membre<\/p>\n<p>[\/vc_column_text][vc_column_text]<\/p>\n<p style=\"margin: 0 auto; display: block; border: 1px solid #DD083A; width: 100%; max-width: 430px; padding: 10px;\"><strong>Nom, Pr\u00e9nom :<\/strong> Necmi Can USLU<br \/>\n<strong>Mission:<\/strong> Un Membre<\/p>\n<p>[\/vc_column_text][\/vc_column_inner][vc_column_inner width=\u00a0\u00bb1\/3&Prime;][vc_column_text]<\/p>\n<p style=\"margin: 0 auto; display: block; border: 1px solid #DD083A; width: 100%; max-width: 430px; padding: 10px;\"><strong>Nom, Pr\u00e9nom :<\/strong> M\u00fcnire TOKLUCU<br \/>\n<strong>Mission:<\/strong> Un Membre<\/p>\n<p>[\/vc_column_text][\/vc_column_inner][\/vc_row_inner][\/vc_column][\/vc_row][vc_row el_class=\u00a0\u00bbcontainer_1200&Prime;][vc_column][vc_text_separator title=\u00a0\u00bbLE PERSONNEL\u00a0\u00bb color=\u00a0\u00bbcustom\u00a0\u00bb accent_color=\u00a0\u00bb#dd083a\u00a0\u00bb][vc_row_inner][vc_column_inner width=\u00a0\u00bb1\/3&Prime;][vc_column_text]<\/p>\n<p style=\"margin: 0 auto; display: block; border: 1px solid #DD083A; width: 100%; max-width: 430px; padding: 10px;\"><strong>Nom, Pr\u00e9nom :<\/strong> Seniha \u00d6ZT\u00dcRK<br \/>\n<strong>Mission:<\/strong> Relations publiques<br \/>\n<strong>Courriel :<\/strong> s.ozturk@alliancefrbursa.org<\/p>\n<p>[\/vc_column_text][\/vc_column_inner][vc_column_inner width=\u00a0\u00bb1\/3&Prime;][vc_column_text]<\/p>\n<p style=\"margin: 0 auto; display: block; border: 1px solid #DD083A; width: 100%; max-width: 430px; padding: 10px;\"><strong>Nom, Pr\u00e9nom :<\/strong> Sevim KARACA<br \/>\n<strong>Mission :<\/strong> Directrice<br \/>\n<strong>Courriel :<\/strong> s.karaca@alliancefrbursa.org<\/p>\n<p>[\/vc_column_text][\/vc_column_inner][vc_column_inner width=\u00a0\u00bb1\/3&Prime;][vc_column_text]<\/p>\n<p style=\"margin: 0 auto; display: block; border: 1px solid #DD083A; width: 100%; max-width: 430px; padding: 10px;\"><strong>Nom, Pr\u00e9nom :<\/strong> Ay\u015fe Ku\u015f<br \/>\n<strong>Mission :<\/strong> Responsable des certications DELF\/DALF<br \/>\n<strong>Courriel :<\/strong> a.kus@alliancefrbursa.org<\/p>\n<p>[\/vc_column_text][\/vc_column_inner][\/vc_row_inner][vc_column_text]<\/p>\n<p style=\"margin: 0 auto; display: block; border: 1px solid #DD083A; width: 100%; max-width: 430px; padding: 10px;\"><strong>Nom, Pr\u00e9nom :<\/strong> \u0130lksen Cankat \u00c7INAR<br \/>\n<strong>Mission :<\/strong> Charg\u00e9 mission p\u00e9dagogique<br \/>\n<strong>Courriel :<\/strong> i.cinar@alliancefrbursa.org<\/p>\n<p>[\/vc_column_text][\/vc_column][\/vc_row][\/vc_section]<\/p>\n","protected":false},"excerpt":{"rendered":"<p>[vc_section][vc_row el_class=\u00a0\u00bbcontainer_1200&Prime;][vc_column css=\u00a0\u00bb.vc_custom_1641730837794{margin: 0px !important;padding: 0px !important;}\u00a0\u00bb][vc_text_separator title=\u00a0\u00bb\u00c0 PROPOS DE NOUS\u00a0\u00bb color=\u00a0\u00bbcustom\u00a0\u00bb accent_color=\u00a0\u00bb#dd083a\u00a0\u00bb][\/vc_column][\/vc_row][vc_row el_class=\u00a0\u00bbcontainer_1200&Prime;][vc_column width=\u00a0\u00bb1\/3&Prime;][vc_row_inner css=\u00a0\u00bb.vc_custom_1633629742485{margin-top: 100px !important;}\u00a0\u00bb][vc_column_inner width=\u00a0\u00bb1\/2&Prime;][vc_single_image image=\u00a0\u00bb51&Prime; img_size=\u00a0\u00bb200&#215;185&Prime;][\/vc_column_inner][vc_column_inner width=\u00a0\u00bb1\/2&Prime;][vc_single_image image=\u00a0\u00bb50&Prime; img_size=\u00a0\u00bb200&#215;185&Prime;][\/vc_column_inner][\/vc_row_inner][\/vc_column][vc_column width=\u00a0\u00bb2\/3&Prime;][vc_column_text]L&rsquo;Association Culturelle Turquie-France de Bursa a \u00e9t\u00e9 cr\u00e9\u00e9e en 1976 pour maintenir les relations d&rsquo;amiti\u00e9 traditionnelles entre la Turquie et la France, promouvoir mutuellement la langue et les valeurs culturelles des [&hellip;]<\/p>\n","protected":false},"author":1,"featured_media":0,"parent":0,"menu_order":0,"comment_status":"closed","ping_status":"closed","template":"","meta":{"_price":"","_stock":"","_tribe_ticket_header":"","_tribe_default_ticket_provider":"","_ticket_start_date":"","_ticket_end_date":"","_tribe_ticket_show_description":"","_tribe_ticket_show_not_going":false,"_tribe_ticket_use_global_stock":"","_tribe_ticket_global_stock_level":"","_global_stock_mode":"","_global_stock_cap":"","_tribe_rsvp_for_event":"","_tribe_ticket_going_count":"","_tribe_ticket_not_going_count":"","_tribe_tickets_list":"[]","_tribe_ticket_has_attendee_info_fields":false,"footnotes":"","_tec_slr_enabled":"","_tec_slr_layout":""},"class_list":["post-476","page","type-page","status-publish","hentry"],"acf":[],"rttpg_featured_image_url":null,"rttpg_author":{"display_name":"administrator","author_link":"https:\/\/www.alliancefrbursa.org\/fr\/author\/administrator\/"},"rttpg_comment":0,"rttpg_category":" <a href=\"https:\/\/www.alliancefrbursa.org\/fr\/?taxonomy=translation_priority&#038;term=facultatif\" rel=\"tag\">Facultatif<\/a>","rttpg_excerpt":"[vc_section][vc_row el_class=\u00a0\u00bbcontainer_1200&Prime;][vc_column css=\u00a0\u00bb.vc_custom_1641730837794{margin: 0px !important;padding: 0px !important;}\u00a0\u00bb][vc_text_separator title=\u00a0\u00bb\u00c0 PROPOS DE NOUS\u00a0\u00bb color=\u00a0\u00bbcustom\u00a0\u00bb accent_color=\u00a0\u00bb#dd083a\u00a0\u00bb][\/vc_column][\/vc_row][vc_row el_class=\u00a0\u00bbcontainer_1200&Prime;][vc_column width=\u00a0\u00bb1\/3&Prime;][vc_row_inner css=\u00a0\u00bb.vc_custom_1633629742485{margin-top: 100px !important;}\u00a0\u00bb][vc_column_inner width=\u00a0\u00bb1\/2&Prime;][vc_single_image image=\u00a0\u00bb51&Prime; img_size=\u00a0\u00bb200&#215;185&Prime;][\/vc_column_inner][vc_column_inner width=\u00a0\u00bb1\/2&Prime;][vc_single_image image=\u00a0\u00bb50&Prime; img_size=\u00a0\u00bb200&#215;185&Prime;][\/vc_column_inner][\/vc_row_inner][\/vc_column][vc_column width=\u00a0\u00bb2\/3&Prime;][vc_column_text]L&rsquo;Association Culturelle Turquie-France de Bursa a \u00e9t\u00e9 cr\u00e9\u00e9e en 1976 pour maintenir les relations d&rsquo;amiti\u00e9 traditionnelles entre la Turquie et la France, promouvoir mutuellement la langue et les valeurs culturelles des\u2026","ticketed":false,"_links":{"self":[{"href":"https:\/\/www.alliancefrbursa.org\/fr\/wp-json\/wp\/v2\/pages\/476","targetHints":{"allow":["GET"]}}],"collection":[{"href":"https:\/\/www.alliancefrbursa.org\/fr\/wp-json\/wp\/v2\/pages"}],"about":[{"href":"https:\/\/www.alliancefrbursa.org\/fr\/wp-json\/wp\/v2\/types\/page"}],"author":[{"embeddable":true,"href":"https:\/\/www.alliancefrbursa.org\/fr\/wp-json\/wp\/v2\/users\/1"}],"replies":[{"embeddable":true,"href":"https:\/\/www.alliancefrbursa.org\/fr\/wp-json\/wp\/v2\/comments?post=476"}],"version-history":[{"count":13,"href":"https:\/\/www.alliancefrbursa.org\/fr\/wp-json\/wp\/v2\/pages\/476\/revisions"}],"predecessor-version":[{"id":2336,"href":"https:\/\/www.alliancefrbursa.org\/fr\/wp-json\/wp\/v2\/pages\/476\/revisions\/2336"}],"wp:attachment":[{"href":"https:\/\/www.alliancefrbursa.org\/fr\/wp-json\/wp\/v2\/media?parent=476"}],"curies":[{"name":"wp","href":"https:\/\/api.w.org\/{rel}","templated":true}]}}