{"id":468,"date":"2021-11-24T16:07:54","date_gmt":"2021-11-24T13:07:54","guid":{"rendered":"https:\/\/www.alliancefrbursa.org\/kurslar\/"},"modified":"2025-12-08T13:17:00","modified_gmt":"2025-12-08T10:17:00","slug":"les-cours","status":"publish","type":"page","link":"https:\/\/www.alliancefrbursa.org\/fr\/les-cours\/","title":{"rendered":"LES COURS"},"content":{"rendered":"<p>[vc_section][vc_row el_class=\u00a0\u00bbcontainer_1200&Prime;][vc_column width=\u00a0\u00bb1\/3&Prime;][vc_single_image image=\u00a0\u00bb226&Prime; img_size=\u00a0\u00bbfull\u00a0\u00bb][\/vc_column][vc_column width=\u00a0\u00bb2\/3&Prime;][vc_column_text]<\/p>\n<p class=\"8f4506aa708e2a26MsoListParagraph\">Dans notre \u00e9tablissement, nous organisons des cours de fran\u00e7ais \u00e0 tous les niveaux en ligne ou en pr\u00e9sentiel, individuels ou en entreprise.<\/p>\n<p>&nbsp;<\/p>\n<p class=\"8f4506aa708e2a26MsoListParagraph\">Nos programmes d&rsquo;enseignement des langues sont organis\u00e9s dans le Cadre Europ\u00e9en Commun de R\u00e9f\u00e9rence pour les Langues (CECRL).<\/p>\n<p class=\"8f4506aa708e2a26MsoListParagraph\">Nous donnons de l\u2019importance sur le d\u00e9veloppement des quatre comp\u00e9tences linguistiques telles que la grammaire, la compr\u00e9hension orale, la compr\u00e9hension \u00e9crite, l&rsquo;expression \u00e9crite et orale. Les cours sont donn\u00e9s par des formateurs experts ayant une formation p\u00e9dagogique adapt\u00e9e.<\/p>\n<p class=\"8f4506aa708e2a26MsoListParagraph\">Sur demande, les cours sont acc\u00e9l\u00e9r\u00e9s et\/ou avec un programme individuel, sont planifi\u00e9s en tenant compte du rythme d&rsquo;apprentissage de chacun.<\/p>\n<p>&nbsp;<\/p>\n<p class=\"8f4506aa708e2a26MsoListParagraph\">A la fin de chaque cours, un examen d&rsquo;\u00e9valuation est organis\u00e9 et un certificat de l&rsquo;Alliance Fran\u00e7aise est d\u00e9cern\u00e9 avec une note minimum de 50\/100.<\/p>\n<ul style=\"list-style-type: circle;\">\n<li class=\"228bf8a64b8551e1MsoNormal\">COURS DE FRAN\u00c7AIS GENERAL<\/li>\n<li class=\"228bf8a64b8551e1MsoNormal\">COURS DE FRAN\u00c7AIS GENERAL<\/li>\n<li class=\"228bf8a64b8551e1MsoNormal\">COURS INDIVIDUELS<\/li>\n<li class=\"228bf8a64b8551e1MsoNormal\">COURS EN ENTREPRISE<\/li>\n<li class=\"228bf8a64b8551e1MsoNormal\">GROUPES DE CONVERSATION<\/li>\n<li class=\"228bf8a64b8551e1MsoNormal\">ATELIERS DE LANGUES<\/li>\n<li class=\"228bf8a64b8551e1MsoNormal\">COURS DE PREPARATION DELF-DALF<\/li>\n<li class=\"228bf8a64b8551e1MsoNormal\">COURS DE TURC<\/li>\n<\/ul>\n<p class=\"228bf8a64b8551e1MsoNormal\">Pour <strong>INFORMATION<\/strong> et\/ou <strong>INSCRIPTION<\/strong>, vous pouvez envoyer un courriel \u00e0 <a class=\"ns-action\" href=\"mailto:info@alliancefrbursa.org\" data-click-action=\"common.go\" data-params=\"new_window&amp;url=%23compose%2Fmailto%3Dinfo%2540alliancefrbursa.org\">info@alliancefrbursa.org<\/a>.<\/p>\n<p>[\/vc_column_text][\/vc_column][\/vc_row][vc_row el_class=\u00a0\u00bbcontainer_1200&Prime;][vc_column][vc_column_text]<\/p>\n<table border=\"1\" width=\"100%\" cellspacing=\"0\" cellpadding=\"0\">\n<tbody>\n<tr>\n<td valign=\"top\">\n<p class=\"228bf8a64b8551e1MsoNormal\" align=\"center\"><b>Niveau introductif ou d\u00e9couverte<\/b><\/p>\n<p class=\"228bf8a64b8551e1MsoNormal\" align=\"center\"><b>A1<\/b><\/p>\n<p class=\"228bf8a64b8551e1MsoNormal\" align=\"center\"><b>120 heures<\/b><\/p>\n<\/td>\n<td valign=\"top\">\n<p class=\"228bf8a64b8551e1MsoNormal\" align=\"center\"><b>Niveau interm\u00e9diaire ou usuel<\/b><\/p>\n<p class=\"228bf8a64b8551e1MsoNormal\" align=\"center\"><b>A2<\/b><\/p>\n<p class=\"228bf8a64b8551e1MsoNormal\" align=\"center\"><b>120 heures<\/b><\/p>\n<\/td>\n<td valign=\"top\">\n<p class=\"228bf8a64b8551e1MsoNormal\" align=\"center\"><b>Niveau seuil<\/b><\/p>\n<p class=\"228bf8a64b8551e1MsoNormal\" align=\"center\"><b>B1<\/b><\/p>\n<p class=\"228bf8a64b8551e1MsoNormal\" align=\"center\"><b>144 heures<\/b><\/p>\n<\/td>\n<td valign=\"top\">\n<p class=\"228bf8a64b8551e1MsoNormal\" align=\"center\"><b>Niveau avanc\u00e9 ou ind\u00e9pendant<\/b><\/p>\n<p class=\"228bf8a64b8551e1MsoNormal\" align=\"center\"><b>B2<\/b><\/p>\n<p class=\"228bf8a64b8551e1MsoNormal\" align=\"center\"><b>168 heures<\/b><\/p>\n<\/td>\n<td valign=\"top\">\n<p class=\"228bf8a64b8551e1MsoNormal\" align=\"center\"><b>Groupe de conversation<\/b><\/p>\n<p class=\"228bf8a64b8551e1MsoNormal\" align=\"center\"><b>A2 &#8211; B1 &#8211; B2<\/b><\/p>\n<\/td>\n<\/tr>\n<tr>\n<td valign=\"top\">\n<p class=\"228bf8a64b8551e1MsoNormal\" align=\"center\"><b>A1.1 = 60 heures<\/b><b>\u00a0<\/b><\/p>\n<p class=\"228bf8a64b8551e1MsoNormal\" align=\"center\"><b>A1.2 = 60 heures<\/b><\/p>\n<\/td>\n<td valign=\"top\">\n<p class=\"228bf8a64b8551e1MsoNormal\" align=\"center\"><b>A2.1 = 60 heures<\/b><\/p>\n<p class=\"228bf8a64b8551e1MsoNormal\" align=\"center\"><b>A2.2 = 60 heures<\/b><\/p>\n<\/td>\n<td valign=\"top\">\n<p class=\"228bf8a64b8551e1MsoNormal\" align=\"center\"><b>B1.1 = 72 heures<\/b><b>\u00a0<\/b><\/p>\n<p class=\"228bf8a64b8551e1MsoNormal\" align=\"center\"><b>B1.2 = 72 heures<\/b><\/p>\n<\/td>\n<td valign=\"top\">\n<p class=\"228bf8a64b8551e1MsoNormal\" align=\"center\"><b>B2.1 = 84 heures<\/b><\/p>\n<p class=\"228bf8a64b8551e1MsoNormal\" align=\"center\"><b>B2.2 = 84 heures<\/b><\/p>\n<\/td>\n<td valign=\"top\">\n<p class=\"228bf8a64b8551e1MsoNormal\" align=\"center\"><b>40 heures<\/b><\/p>\n<\/td>\n<\/tr>\n<\/tbody>\n<\/table>\n<p>[\/vc_column_text][\/vc_column][\/vc_row][vc_row el_class=\u00a0\u00bbcontainer_1200&Prime;][vc_column][vc_tta_accordion active_section=\u00a0\u00bb1&Prime;][vc_tta_section i_icon_fontawesome=\u00a0\u00bbfas fa-book-open\u00a0\u00bb add_icon=\u00a0\u00bbtrue\u00a0\u00bb title=\u00a0\u00bbNos cours actifs\u00a0\u00bb tab_id=\u00a0\u00bb1640722791786-0843d13f-2f8b\u00a0\u00bb][vc_column_text]<\/p>\n<table style=\"border-collapse: collapse; width: 100%; height: 192px;\">\n<tbody>\n<tr>\n<td style=\"width: 33.3333%;\">A1.1<\/td>\n<td style=\"width: 33.3333%;\">Mardi et Jeudi<\/td>\n<td style=\"width: 33.3333%;\">21.10.25-06.01.26<\/td>\n<\/tr>\n<tr>\n<td style=\"width: 33.3333%;\">A1.2<\/td>\n<td style=\"width: 33.3333%;\">Lundi et Mercredi<\/td>\n<td style=\"width: 33.3333%;\">08.12.25-11.02.26<\/td>\n<\/tr>\n<tr>\n<td style=\"width: 33.3333%;\">B1.1<\/td>\n<td style=\"width: 33.3333%;\">Lundi et Mercredi<\/td>\n<td style=\"width: 33.3333%;\">08.12.25-25.02.26<\/td>\n<\/tr>\n<tr>\n<td style=\"width: 33.3333%;\">A1.2 Junior<\/td>\n<td style=\"width: 33.3333%;\">Samedi<\/td>\n<td style=\"width: 33.3333%;\">27.09.25-10.01.26<\/td>\n<\/tr>\n<tr style=\"height: 24px;\">\n<td style=\"width: 33.3333%; height: 24px;\"><\/td>\n<td style=\"width: 33.3333%; height: 24px;\"><\/td>\n<td style=\"width: 33.3333%; height: 24px;\"><\/td>\n<\/tr>\n<tr style=\"height: 24px;\">\n<td style=\"width: 33.3333%; height: 24px;\"><\/td>\n<td style=\"width: 33.3333%; height: 24px;\"><\/td>\n<td style=\"width: 33.3333%; height: 24px;\"><\/td>\n<\/tr>\n<tr style=\"height: 24px;\">\n<td style=\"width: 33.3333%; height: 24px;\"><\/td>\n<td style=\"width: 33.3333%; height: 24px;\"><\/td>\n<td style=\"width: 33.3333%; height: 24px;\"><\/td>\n<\/tr>\n<tr style=\"height: 24px;\">\n<td style=\"width: 33.3333%; height: 24px;\"><\/td>\n<td style=\"width: 33.3333%; height: 24px;\"><\/td>\n<td style=\"width: 33.3333%; height: 24px;\"><\/td>\n<\/tr>\n<\/tbody>\n<\/table>\n<p>[\/vc_column_text][\/vc_tta_section][vc_tta_section i_icon_fontawesome=\u00a0\u00bbfas fa-book-open\u00a0\u00bb add_icon=\u00a0\u00bbtrue\u00a0\u00bb title=\u00a0\u00bbNos cours pr\u00e9vus\u00a0\u00bb tab_id=\u00a0\u00bb1640722791814-c02a2b09-ba59&Prime;][vc_column_text]<\/p>\n<table style=\"border-collapse: collapse; width: 97.1039%; height: 168px;\">\n<tbody>\n<tr style=\"height: 24px;\">\n<td style=\"width: 8.00681%; height: 24px;\">A1.1<\/td>\n<td style=\"width: 60.1363%; height: 24px;\">Mardi et Jeudi (19:00-21:30)<\/td>\n<td style=\"width: 31.5162%; height: 24px;\">23.12.25 &#8211; 03.03.26<\/td>\n<\/tr>\n<tr style=\"height: 24px;\">\n<td style=\"width: 8.00681%; height: 24px;\">A1.2<\/td>\n<td style=\"width: 60.1363%; height: 24px;\">Mardi et Jeudi (19:00-21:30)<\/td>\n<td style=\"width: 31.5162%; height: 24px;\">13.01.26 &#8211; 24.03.26<\/td>\n<\/tr>\n<tr style=\"height: 24px;\">\n<td style=\"width: 8.00681%; height: 24px;\">A2.1<\/td>\n<td style=\"width: 60.1363%; height: 24px;\">Mardi et Jeudi (19:00-21:30)<\/td>\n<td style=\"width: 31.5162%; height: 24px;\">23.12.25 &#8211; 03.03.26<\/td>\n<\/tr>\n<tr style=\"height: 24px;\">\n<td style=\"width: 8.00681%; height: 24px;\">A2.2<\/td>\n<td style=\"width: 60.1363%; height: 24px;\">Lundi et Mercredi (19:00-21:30)<\/td>\n<td style=\"width: 31.5162%; height: 24px;\">22.12.25 &#8211; 25.02.26<\/td>\n<\/tr>\n<tr style=\"height: 24px;\">\n<td style=\"width: 8.00681%; height: 24px;\">B1.2<\/td>\n<td style=\"width: 60.1363%; height: 24px;\">Lundi et Mercredi (19:00- 21:30)<\/td>\n<td style=\"width: 31.5162%; height: 24px;\">22.12.25 &#8211; 11.03.26<\/td>\n<\/tr>\n<tr style=\"height: 24px;\">\n<td style=\"width: 8.00681%; height: 24px;\">B2.1<\/td>\n<td style=\"width: 60.1363%; height: 24px;\">Mardi et Jeudi (19:00-21:30)<\/td>\n<td style=\"width: 31.5162%; height: 24px;\">23.12.25 &#8211; 02.04.26<\/td>\n<\/tr>\n<tr style=\"height: 24px;\">\n<td style=\"width: 8.00681%; height: 24px;\">B2.2<\/td>\n<td style=\"width: 60.1363%; height: 24px;\">Lundi et Mercredi<\/td>\n<td style=\"width: 31.5162%; height: 24px;\">22.12.25 &#8211; 25.03.26<\/td>\n<\/tr>\n<tr>\n<td style=\"width: 8.00681%;\">DALF C1 en ligne<\/td>\n<td style=\"width: 60.1363%;\">Tous les vendredis (17:30-19:55)<\/td>\n<td style=\"width: 31.5162%;\">12.12.25 &#8211; 04.02.26<\/td>\n<\/tr>\n<tr>\n<td style=\"width: 8.00681%;\">A1.1 la journ\u00e9e<\/td>\n<td style=\"width: 60.1363%;\">Mardi et Jeudi (14:00-16:30)<\/td>\n<td style=\"width: 31.5162%;\">23.12.25 &#8211; 03.03.26<\/td>\n<\/tr>\n<\/tbody>\n<\/table>\n<p>[\/vc_column_text][\/vc_tta_section][\/vc_tta_accordion][\/vc_column][\/vc_row][\/vc_section]<\/p>\n","protected":false},"excerpt":{"rendered":"<p>[vc_section][vc_row el_class=\u00a0\u00bbcontainer_1200&Prime;][vc_column width=\u00a0\u00bb1\/3&Prime;][vc_single_image image=\u00a0\u00bb226&Prime; img_size=\u00a0\u00bbfull\u00a0\u00bb][\/vc_column][vc_column width=\u00a0\u00bb2\/3&Prime;][vc_column_text] Dans notre \u00e9tablissement, nous organisons des cours de fran\u00e7ais \u00e0 tous les niveaux en ligne ou en pr\u00e9sentiel, individuels ou en entreprise. &nbsp; Nos programmes d&rsquo;enseignement des langues sont organis\u00e9s dans le Cadre Europ\u00e9en Commun de R\u00e9f\u00e9rence pour les Langues (CECRL). Nous donnons de l\u2019importance sur le d\u00e9veloppement des [&hellip;]<\/p>\n","protected":false},"author":1,"featured_media":0,"parent":0,"menu_order":0,"comment_status":"closed","ping_status":"closed","template":"","meta":{"_price":"","_stock":"","_tribe_ticket_header":"","_tribe_default_ticket_provider":"","_ticket_start_date":"","_ticket_end_date":"","_tribe_ticket_show_description":"","_tribe_ticket_show_not_going":false,"_tribe_ticket_use_global_stock":"","_tribe_ticket_global_stock_level":"","_global_stock_mode":"","_global_stock_cap":"","_tribe_rsvp_for_event":"","_tribe_ticket_going_count":"","_tribe_ticket_not_going_count":"","_tribe_tickets_list":"[]","_tribe_ticket_has_attendee_info_fields":false,"footnotes":"","_tec_slr_enabled":"","_tec_slr_layout":""},"class_list":["post-468","page","type-page","status-publish","hentry"],"acf":[],"rttpg_featured_image_url":null,"rttpg_author":{"display_name":"administrator","author_link":"https:\/\/www.alliancefrbursa.org\/fr\/author\/administrator\/"},"rttpg_comment":0,"rttpg_category":" <a href=\"https:\/\/www.alliancefrbursa.org\/fr\/?taxonomy=translation_priority&#038;term=facultatif\" rel=\"tag\">Facultatif<\/a>","rttpg_excerpt":"[vc_section][vc_row el_class=\u00a0\u00bbcontainer_1200&Prime;][vc_column width=\u00a0\u00bb1\/3&Prime;][vc_single_image image=\u00a0\u00bb226&Prime; img_size=\u00a0\u00bbfull\u00a0\u00bb][\/vc_column][vc_column width=\u00a0\u00bb2\/3&Prime;][vc_column_text] Dans notre \u00e9tablissement, nous organisons des cours de fran\u00e7ais \u00e0 tous les niveaux en ligne ou en pr\u00e9sentiel, individuels ou en entreprise. &nbsp; Nos programmes d&rsquo;enseignement des langues sont organis\u00e9s dans le Cadre Europ\u00e9en Commun de R\u00e9f\u00e9rence pour les Langues (CECRL). Nous donnons de l\u2019importance sur le d\u00e9veloppement des\u2026","ticketed":false,"_links":{"self":[{"href":"https:\/\/www.alliancefrbursa.org\/fr\/wp-json\/wp\/v2\/pages\/468","targetHints":{"allow":["GET"]}}],"collection":[{"href":"https:\/\/www.alliancefrbursa.org\/fr\/wp-json\/wp\/v2\/pages"}],"about":[{"href":"https:\/\/www.alliancefrbursa.org\/fr\/wp-json\/wp\/v2\/types\/page"}],"author":[{"embeddable":true,"href":"https:\/\/www.alliancefrbursa.org\/fr\/wp-json\/wp\/v2\/users\/1"}],"replies":[{"embeddable":true,"href":"https:\/\/www.alliancefrbursa.org\/fr\/wp-json\/wp\/v2\/comments?post=468"}],"version-history":[{"count":13,"href":"https:\/\/www.alliancefrbursa.org\/fr\/wp-json\/wp\/v2\/pages\/468\/revisions"}],"predecessor-version":[{"id":1869,"href":"https:\/\/www.alliancefrbursa.org\/fr\/wp-json\/wp\/v2\/pages\/468\/revisions\/1869"}],"wp:attachment":[{"href":"https:\/\/www.alliancefrbursa.org\/fr\/wp-json\/wp\/v2\/media?parent=468"}],"curies":[{"name":"wp","href":"https:\/\/api.w.org\/{rel}","templated":true}]}}